{"id":1142,"date":"2026-04-28T15:23:10","date_gmt":"2026-04-28T19:23:10","guid":{"rendered":"https:\/\/bhn.gouv.ht\/evalyasyon-konfomite-ak-echanj-enfomasyon\/"},"modified":"2026-04-28T15:36:57","modified_gmt":"2026-04-28T19:36:57","slug":"evalyasyon-konfomite-ak-echanj-enfomasyon","status":"publish","type":"page","link":"https:\/\/bhn.gouv.ht\/ht\/evalyasyon-konfomite-ak-echanj-enfomasyon\/","title":{"rendered":"Evalyasyon konf\u00f2mite ak echanj enf\u00f2masyon"},"content":{"rendered":"\t\t<div data-elementor-type=\"wp-page\" data-elementor-id=\"1142\" class=\"elementor elementor-1142 elementor-1131\" data-elementor-post-type=\"page\">\n\t\t\t\t\t\t<section class=\"elementor-section elementor-top-section elementor-element elementor-element-8512bbf elementor-section-boxed elementor-section-height-default elementor-section-height-default\" data-id=\"8512bbf\" data-element_type=\"section\" data-e-type=\"section\" data-settings=\"{&quot;background_background&quot;:&quot;classic&quot;}\">\n\t\t\t\t\t\t<div class=\"elementor-container elementor-column-gap-default\">\n\t\t\t\t\t<div class=\"elementor-column elementor-col-100 elementor-top-column elementor-element elementor-element-6f399348\" data-id=\"6f399348\" data-element_type=\"column\" data-e-type=\"column\">\n\t\t\t<div class=\"elementor-widget-wrap elementor-element-populated\">\n\t\t\t\t\t\t<div class=\"elementor-element elementor-element-18d83e2 elementor-widget elementor-widget-heading\" data-id=\"18d83e2\" data-element_type=\"widget\" data-e-type=\"widget\" data-widget_type=\"heading.default\">\n\t\t\t\t\t<h1 class=\"elementor-heading-title elementor-size-default\">Evalyasyon Konf\u00f2mite<\/h1>\t\t\t\t<\/div>\n\t\t\t\t<div class=\"elementor-element elementor-element-9a9d456 elementor-widget-divider--view-line elementor-widget elementor-widget-divider\" data-id=\"9a9d456\" data-element_type=\"widget\" data-e-type=\"widget\" data-widget_type=\"divider.default\">\n\t\t\t\t\t\t\t<div class=\"elementor-divider\">\n\t\t\t<span class=\"elementor-divider-separator\">\n\t\t\t\t\t\t<\/span>\n\t\t<\/div>\n\t\t\t\t\t\t<\/div>\n\t\t\t\t<div class=\"elementor-element elementor-element-54bd33b4 elementor-widget elementor-widget-text-editor\" data-id=\"54bd33b4\" data-element_type=\"widget\" data-e-type=\"widget\" data-widget_type=\"text-editor.default\">\n\t\t\t\t\t\t\t\t\t<p style=\"text-align:center; color:#FFFFFF; font-size:18px; line-height:1.8; max-width:800px; margin:0 auto;\">Evalyasyon konf\u00f2mite a refere a tout aktivite yo itilize pou demontre ke yon pwodwi, yon s\u00e8vis, yon sist\u00e8m, yon moun, oswa yon \u00f2ganizasyon satisf\u00e8 egzijans ki espesifye nan n\u00f2m yo, r\u00e8gleman teknik yo, oswa l\u00f2t dokiman normatif yo. Li se yon poto fondamantal nan enfrastrikti kalite nasyonal la epi li kontribye nan pwoteksyon konsomat\u00e8 yo, fasilitasyon kom\u00e8s ent\u00e8nasyonal la, ak ranf\u00f2sman comp\u00e9titivit\u00e9 biznis Ayisyen yo. <\/p>\t\t\t\t\t\t\t\t<\/div>\n\t\t\t\t\t<\/div>\n\t\t<\/div>\n\t\t\t\t\t<\/div>\n\t\t<\/section>\n\t\t\t\t<section class=\"elementor-section elementor-top-section elementor-element elementor-element-4d8bc8b4 elementor-section-boxed elementor-section-height-default elementor-section-height-default\" data-id=\"4d8bc8b4\" data-element_type=\"section\" data-e-type=\"section\" data-settings=\"{&quot;background_background&quot;:&quot;classic&quot;}\">\n\t\t\t\t\t\t<div class=\"elementor-container elementor-column-gap-default\">\n\t\t\t\t\t<div class=\"elementor-column elementor-col-100 elementor-top-column elementor-element elementor-element-40e1660f\" data-id=\"40e1660f\" data-element_type=\"column\" data-e-type=\"column\">\n\t\t\t<div class=\"elementor-widget-wrap elementor-element-populated\">\n\t\t\t\t\t\t<div class=\"elementor-element elementor-element-febed25 elementor-widget elementor-widget-text-editor\" data-id=\"febed25\" data-element_type=\"widget\" data-e-type=\"widget\" data-widget_type=\"text-editor.default\">\n\t\t\t\t\t\t\t\t\t<p style=\"font-size:14px; color:#777777; margin:0;\">Ak\u00e8y \u203a S\u00e8vis \u203a <strong style=\"color:#18206F;\">Evalyasyon Konf\u00f2mite<\/strong><\/p>\t\t\t\t\t\t\t\t<\/div>\n\t\t\t\t\t<\/div>\n\t\t<\/div>\n\t\t\t\t\t<\/div>\n\t\t<\/section>\n\t\t\t\t<section class=\"elementor-section elementor-top-section elementor-element elementor-element-7e60b111 elementor-section-boxed elementor-section-height-default elementor-section-height-default\" data-id=\"7e60b111\" data-element_type=\"section\" data-e-type=\"section\" data-settings=\"{&quot;background_background&quot;:&quot;classic&quot;}\">\n\t\t\t\t\t\t<div class=\"elementor-container elementor-column-gap-default\">\n\t\t\t\t\t<div class=\"elementor-column elementor-col-100 elementor-top-column elementor-element elementor-element-32957907\" data-id=\"32957907\" data-element_type=\"column\" data-e-type=\"column\">\n\t\t\t<div class=\"elementor-widget-wrap elementor-element-populated\">\n\t\t\t\t\t\t<div class=\"elementor-element elementor-element-156710e7 elementor-widget elementor-widget-text-editor\" data-id=\"156710e7\" data-element_type=\"widget\" data-e-type=\"widget\" data-widget_type=\"text-editor.default\">\n\t\t\t\t\t\t\t\t\t<p style=\"font-size:13px; font-weight:700; letter-spacing:2px; color:#BD1E1E; text-transform:uppercase; margin-bottom:8px;\">Z\u00f2n ent\u00e8vansyon nou yo<\/p>\t\t\t\t\t\t\t\t<\/div>\n\t\t\t\t<div class=\"elementor-element elementor-element-2d2ce4f2 elementor-widget elementor-widget-heading\" data-id=\"2d2ce4f2\" data-element_type=\"widget\" data-e-type=\"widget\" data-widget_type=\"heading.default\">\n\t\t\t\t\t<h2 class=\"elementor-heading-title elementor-size-default\">Kat Z\u00f2n Kle<\/h2>\t\t\t\t<\/div>\n\t\t\t\t<div class=\"elementor-element elementor-element-2a42cf8a elementor-widget-divider--view-line elementor-widget elementor-widget-divider\" data-id=\"2a42cf8a\" data-element_type=\"widget\" data-e-type=\"widget\" data-widget_type=\"divider.default\">\n\t\t\t\t\t\t\t<div class=\"elementor-divider\">\n\t\t\t<span class=\"elementor-divider-separator\">\n\t\t\t\t\t\t<\/span>\n\t\t<\/div>\n\t\t\t\t\t\t<\/div>\n\t\t\t\t<div class=\"elementor-element elementor-element-109704a6 elementor-widget elementor-widget-text-editor\" data-id=\"109704a6\" data-element_type=\"widget\" data-e-type=\"widget\" data-widget_type=\"text-editor.default\">\n\t\t\t\t\t\t\t\t\t<p style=\"font-size:16px; line-height:1.9; color:#333333; max-width:860px;\">Biwo Ayisyen pou N\u00f2m yo (BHN) opere nan kat dom\u00e8n prensipal evalyasyon konf\u00f2mite. <strong>S\u00e8tifikasyon<\/strong> , <strong>enspeksyon<\/strong> , ak <strong>t\u00e8s<\/strong> se s\u00e8vis aktif BHN ofri bay biznis ak operat\u00e8 ekonomik yo. <strong>Rekonesans akreditasyon<\/strong> , b\u00f2 kote pa l, prezante isit la pou rezon enf\u00f2masyon pou gide moun ki kons\u00e8ne yo nan direksyon \u00f2ganizasyon ki apwopriye yo.  <\/p>\t\t\t\t\t\t\t\t<\/div>\n\t\t\t\t\t<\/div>\n\t\t<\/div>\n\t\t\t\t\t<\/div>\n\t\t<\/section>\n\t\t\t\t<section class=\"elementor-section elementor-top-section elementor-element elementor-element-638f685 elementor-section-boxed elementor-section-height-default elementor-section-height-default\" data-id=\"638f685\" data-element_type=\"section\" data-e-type=\"section\" id=\"certification\" data-settings=\"{&quot;background_background&quot;:&quot;classic&quot;}\">\n\t\t\t\t\t\t<div class=\"elementor-container elementor-column-gap-default\">\n\t\t\t\t\t<div class=\"elementor-column elementor-col-100 elementor-top-column elementor-element elementor-element-1c85ecfd\" data-id=\"1c85ecfd\" data-element_type=\"column\" data-e-type=\"column\">\n\t\t\t<div class=\"elementor-widget-wrap elementor-element-populated\">\n\t\t\t\t\t\t<div class=\"elementor-element elementor-element-35d636eb elementor-widget elementor-widget-text-editor\" data-id=\"35d636eb\" data-element_type=\"widget\" data-e-type=\"widget\" data-widget_type=\"text-editor.default\">\n\t\t\t\t\t\t\t\t\t<p style=\"font-size:72px; font-weight:900; color:#BD1E1E; opacity:0.15; line-height:1; margin:0; padding:0;\">01<\/p>\t\t\t\t\t\t\t\t<\/div>\n\t\t\t\t\t<\/div>\n\t\t<\/div>\n\t\t\t\t<div class=\"elementor-column elementor-col-100 elementor-top-column elementor-element elementor-element-79f0d924\" data-id=\"79f0d924\" data-element_type=\"column\" data-e-type=\"column\">\n\t\t\t<div class=\"elementor-widget-wrap elementor-element-populated\">\n\t\t\t\t\t\t<div class=\"elementor-element elementor-element-67292fbe elementor-widget elementor-widget-text-editor\" data-id=\"67292fbe\" data-element_type=\"widget\" data-e-type=\"widget\" data-widget_type=\"text-editor.default\">\n\t\t\t\t\t\t\t\t\t<span style=\"display:inline-block; background:#BD1E1E; color:#FFFFFF; font-size:11px; font-weight:700; letter-spacing:2px; text-transform:uppercase; padding:4px 14px; border-radius:2px; margin-bottom:14px;\">S\u00e8vis aktif<\/span>\t\t\t\t\t\t\t\t<\/div>\n\t\t\t\t<div class=\"elementor-element elementor-element-70ceffd6 elementor-widget elementor-widget-heading\" data-id=\"70ceffd6\" data-element_type=\"widget\" data-e-type=\"widget\" data-widget_type=\"heading.default\">\n\t\t\t\t\t<h2 class=\"elementor-heading-title elementor-size-default\">S\u00e8tifikasyon<\/h2>\t\t\t\t<\/div>\n\t\t\t\t<div class=\"elementor-element elementor-element-26c6a868 elementor-widget elementor-widget-text-editor\" data-id=\"26c6a868\" data-element_type=\"widget\" data-e-type=\"widget\" data-widget_type=\"text-editor.default\">\n\t\t\t\t\t\t\t\t\t<p style=\"font-size:16px; line-height:1.9; color:#333333;\"><strong>S\u00e8tifikasyon<\/strong> se pwosesis kote yon twazy\u00e8m pati endepandan ateste, baze sou yon odit oswa yon kontw\u00f2l, ke yon pwodwi, yon s\u00e8vis, yon pwosesis, oswa yon sist\u00e8m jesyon konf\u00f2m ak egzijans yon estanda oswa yon referans espesifik.<\/p><p style=\"font-size:16px; line-height:1.9; color:#333333;\">K\u00f2m yon pati nan manda li, BHN nan patisipe nan bay s\u00e8tifikasyon ki f\u00e8t pou garanti kalite, sekirite ak konf\u00f2mite pwodwi yo mete sou mache Ayisyen an. S\u00e8tifikasyon an bay yon zouti pou bati konfyans nan mitan konsomat\u00e8 yo, acht\u00e8 piblik yo ak patn\u00e8 biznis yo. <\/p><ul style=\"font-size:16px; line-height:1.9; color:#333333; margin-top:12px; padding-left:20px;\"><li>S\u00e8tifikasyon pwodwi dapre n\u00f2m nasyonal oswa ent\u00e8nasyonal yo<\/li><li>Emisyon mak konf\u00f2mite yo<\/li><li>siveyans kontiny\u00e8l pwodwi s\u00e8tifye yo<\/li><li>Sip\u00f2 pou konpayi yo nan pwosesis s\u00e8tifikasyon yo<\/li><\/ul>\t\t\t\t\t\t\t\t<\/div>\n\t\t\t\t\t<\/div>\n\t\t<\/div>\n\t\t\t\t\t<\/div>\n\t\t<\/section>\n\t\t\t\t<section class=\"elementor-section elementor-top-section elementor-element elementor-element-cb57885 elementor-section-boxed elementor-section-height-default elementor-section-height-default\" data-id=\"cb57885\" data-element_type=\"section\" data-e-type=\"section\" id=\"inspection\" data-settings=\"{&quot;background_background&quot;:&quot;classic&quot;}\">\n\t\t\t\t\t\t<div class=\"elementor-container elementor-column-gap-default\">\n\t\t\t\t\t<div class=\"elementor-column elementor-col-100 elementor-top-column elementor-element elementor-element-538b7e05\" data-id=\"538b7e05\" data-element_type=\"column\" data-e-type=\"column\">\n\t\t\t<div class=\"elementor-widget-wrap elementor-element-populated\">\n\t\t\t\t\t\t<div class=\"elementor-element elementor-element-1993a75d elementor-widget elementor-widget-text-editor\" data-id=\"1993a75d\" data-element_type=\"widget\" data-e-type=\"widget\" data-widget_type=\"text-editor.default\">\n\t\t\t\t\t\t\t\t\t<p style=\"font-size:72px; font-weight:900; color:#18206F; opacity:0.15; line-height:1; margin:0; padding:0;\">02<\/p>\t\t\t\t\t\t\t\t<\/div>\n\t\t\t\t\t<\/div>\n\t\t<\/div>\n\t\t\t\t<div class=\"elementor-column elementor-col-100 elementor-top-column elementor-element elementor-element-2230b5ef\" data-id=\"2230b5ef\" data-element_type=\"column\" data-e-type=\"column\">\n\t\t\t<div class=\"elementor-widget-wrap elementor-element-populated\">\n\t\t\t\t\t\t<div class=\"elementor-element elementor-element-64dbd342 elementor-widget elementor-widget-text-editor\" data-id=\"64dbd342\" data-element_type=\"widget\" data-e-type=\"widget\" data-widget_type=\"text-editor.default\">\n\t\t\t\t\t\t\t\t\t<span style=\"display:inline-block; background:#18206F; color:#FFFFFF; font-size:11px; font-weight:700; letter-spacing:2px; text-transform:uppercase; padding:4px 14px; border-radius:2px; margin-bottom:14px;\">S\u00e8vis aktif<\/span>\t\t\t\t\t\t\t\t<\/div>\n\t\t\t\t<div class=\"elementor-element elementor-element-23931727 elementor-widget elementor-widget-heading\" data-id=\"23931727\" data-element_type=\"widget\" data-e-type=\"widget\" data-widget_type=\"heading.default\">\n\t\t\t\t\t<h2 class=\"elementor-heading-title elementor-size-default\">Enspeksyon<\/h2>\t\t\t\t<\/div>\n\t\t\t\t<div class=\"elementor-element elementor-element-1617d678 elementor-widget elementor-widget-text-editor\" data-id=\"1617d678\" data-element_type=\"widget\" data-e-type=\"widget\" data-widget_type=\"text-editor.default\">\n\t\t\t\t\t\t\t\t\t<p style=\"font-size:16px; line-height:1.9; color:#333333;\"><strong>Enspeksyon<\/strong> konsiste de egzamine yon pwodwi, yon pwosesis, yon s\u00e8vis oswa yon enstalasyon, oubyen verifye konsepsyon li, pou det\u00e8mine konf\u00f2mite li ak egzijans espesifik oswa, dapre jijman pwofesyon\u00e8l, ak egzijans jeneral.<\/p><p style=\"font-size:16px; line-height:1.9; color:#333333;\">Kontr\u00e8man ak s\u00e8tifikasyon, ki bay yon atestasyon f\u00f2m\u00e8l, enspeksyon se yon aktivite siveyans ak verifikasyon ki f\u00e8t yon s\u00e8l fwa oswa regily\u00e8man. Li jwe yon w\u00f2l prevantif vital nan ch\u00e8n kontw\u00f2l kalite a epi li ede pwoteje mache Ayisyen an kont pwodwi ki pa konf\u00f2m oswa danjere. <\/p><ul style=\"font-size:16px; line-height:1.9; color:#333333; margin-top:12px; padding-left:20px;\"><li>Enspeksyon machandiz yo l\u00e8 y ap enp\u00f2te ak eksp\u00f2te<\/li><li>Verifikasyon konf\u00f2mite pwodwi k ap sikile sou mache a<\/li><li>Kontw\u00f2l enstalasyon ak pwosesis pwodiksyon yo<\/li><li>Rap\u00f2 enspeksyon ofisy\u00e8l ki rekon\u00e8t pa otorite konpetan yo<\/li><\/ul>\t\t\t\t\t\t\t\t<\/div>\n\t\t\t\t\t<\/div>\n\t\t<\/div>\n\t\t\t\t\t<\/div>\n\t\t<\/section>\n\t\t\t\t<section class=\"elementor-section elementor-top-section elementor-element elementor-element-41d6825a elementor-section-boxed elementor-section-height-default elementor-section-height-default\" data-id=\"41d6825a\" data-element_type=\"section\" data-e-type=\"section\" id=\"testing\" data-settings=\"{&quot;background_background&quot;:&quot;classic&quot;}\">\n\t\t\t\t\t\t<div class=\"elementor-container elementor-column-gap-default\">\n\t\t\t\t\t<div class=\"elementor-column elementor-col-100 elementor-top-column elementor-element elementor-element-5d5edc8c\" data-id=\"5d5edc8c\" data-element_type=\"column\" data-e-type=\"column\">\n\t\t\t<div class=\"elementor-widget-wrap elementor-element-populated\">\n\t\t\t\t\t\t<div class=\"elementor-element elementor-element-69b6f524 elementor-widget elementor-widget-text-editor\" data-id=\"69b6f524\" data-element_type=\"widget\" data-e-type=\"widget\" data-widget_type=\"text-editor.default\">\n\t\t\t\t\t\t\t\t\t<p style=\"font-size:72px; font-weight:900; color:#BD1E1E; opacity:0.15; line-height:1; margin:0; padding:0;\">03<\/p>\t\t\t\t\t\t\t\t<\/div>\n\t\t\t\t\t<\/div>\n\t\t<\/div>\n\t\t\t\t<div class=\"elementor-column elementor-col-100 elementor-top-column elementor-element elementor-element-1e259cce\" data-id=\"1e259cce\" data-element_type=\"column\" data-e-type=\"column\">\n\t\t\t<div class=\"elementor-widget-wrap elementor-element-populated\">\n\t\t\t\t\t\t<div class=\"elementor-element elementor-element-1f5b5f8a elementor-widget elementor-widget-text-editor\" data-id=\"1f5b5f8a\" data-element_type=\"widget\" data-e-type=\"widget\" data-widget_type=\"text-editor.default\">\n\t\t\t\t\t\t\t\t\t<span style=\"display:inline-block; background:#BD1E1E; color:#FFFFFF; font-size:11px; font-weight:700; letter-spacing:2px; text-transform:uppercase; padding:4px 14px; border-radius:2px; margin-bottom:14px;\">S\u00e8vis aktif<\/span>\t\t\t\t\t\t\t\t<\/div>\n\t\t\t\t<div class=\"elementor-element elementor-element-7499aec1 elementor-widget elementor-widget-heading\" data-id=\"7499aec1\" data-element_type=\"widget\" data-e-type=\"widget\" data-widget_type=\"heading.default\">\n\t\t\t\t\t<h2 class=\"elementor-heading-title elementor-size-default\">T\u00e8s<\/h2>\t\t\t\t<\/div>\n\t\t\t\t<div class=\"elementor-element elementor-element-1b662799 elementor-widget elementor-widget-text-editor\" data-id=\"1b662799\" data-element_type=\"widget\" data-e-type=\"widget\" data-widget_type=\"text-editor.default\">\n\t\t\t\t\t\t\t\t\t<p style=\"font-size:16px; line-height:1.9; color:#333333;\"><strong>T\u00e8s<\/strong> refere a operasyon teknik ki enplike nan det\u00e8mine youn oubyen plizy\u00e8 karakteristik yon pwodwi, matery\u00e8l, ekipman, oubyen sist\u00e8m dapre yon pwosedi espesifik. T\u00e8s yo jeneralman f\u00e8t nan yon laboratwa epi det\u00e8mine si yon pwodwi satisf\u00e8 egzijans p\u00e8f\u00f2mans, sekirite, ak kalite ki defini nan estanda ki aplikab yo. <\/p><p style=\"font-size:16px; line-height:1.9; color:#333333;\">Rezilta t\u00e8s yo anrejistre nan rap\u00f2 t\u00e8s ki ka s\u00e8vi k\u00f2m baz pou s\u00e8tifikasyon, apwobasyon regilasyon, oswa pou pran desizyon biznis. BHN nan sip\u00f2te devlopman kapasite t\u00e8s an Ayiti pou diminye depandans sou laboratwa etranje yo epi ranf\u00f2se souver\u00e8nte kalite peyi a. <\/p><ul style=\"font-size:16px; line-height:1.9; color:#333333; margin-top:12px; padding-left:20px;\"><li>T\u00e8s fizik, chimik ak mikrobyolojik<\/li><li>T\u00e8s p\u00e8f\u00f2mans ak rezistans pwodwi<\/li><li>Rap\u00f2 t\u00e8s yo rekon\u00e8t nan tranzaksyon kom\u00e8syal yo<\/li><li>Sip\u00f2 pou devlopman laboratwa t\u00e8s nasyonal yo<\/li><\/ul>\t\t\t\t\t\t\t\t<\/div>\n\t\t\t\t\t<\/div>\n\t\t<\/div>\n\t\t\t\t\t<\/div>\n\t\t<\/section>\n\t\t\t\t<section class=\"elementor-section elementor-top-section elementor-element elementor-element-2dd4e7e6 elementor-section-boxed elementor-section-height-default elementor-section-height-default\" data-id=\"2dd4e7e6\" data-element_type=\"section\" data-e-type=\"section\" id=\"acreditation\" data-settings=\"{&quot;background_background&quot;:&quot;classic&quot;}\">\n\t\t\t\t\t\t<div class=\"elementor-container elementor-column-gap-default\">\n\t\t\t\t\t<div class=\"elementor-column elementor-col-100 elementor-top-column elementor-element elementor-element-6582576e\" data-id=\"6582576e\" data-element_type=\"column\" data-e-type=\"column\">\n\t\t\t<div class=\"elementor-widget-wrap elementor-element-populated\">\n\t\t\t\t\t\t<div class=\"elementor-element elementor-element-226c63d8 elementor-widget elementor-widget-text-editor\" data-id=\"226c63d8\" data-element_type=\"widget\" data-e-type=\"widget\" data-widget_type=\"text-editor.default\">\n\t\t\t\t\t\t\t\t\t<p style=\"font-size:72px; font-weight:900; color:#AAAAAA; opacity:0.3; line-height:1; margin:0; padding:0;\">04<\/p>\t\t\t\t\t\t\t\t<\/div>\n\t\t\t\t\t<\/div>\n\t\t<\/div>\n\t\t\t\t<div class=\"elementor-column elementor-col-100 elementor-top-column elementor-element elementor-element-68a15d5d\" data-id=\"68a15d5d\" data-element_type=\"column\" data-e-type=\"column\">\n\t\t\t<div class=\"elementor-widget-wrap elementor-element-populated\">\n\t\t\t\t\t\t<div class=\"elementor-element elementor-element-4c24d695 elementor-widget elementor-widget-text-editor\" data-id=\"4c24d695\" data-element_type=\"widget\" data-e-type=\"widget\" data-widget_type=\"text-editor.default\">\n\t\t\t\t\t\t\t\t\t<span style=\"display:inline-block; background:#EEEEEE; color:#555555; font-size:11px; font-weight:700; letter-spacing:2px; text-transform:uppercase; padding:4px 14px; border-radius:2px; margin-bottom:14px;\">Pou enf\u00f2masyon ou<\/span>\t\t\t\t\t\t\t\t<\/div>\n\t\t\t\t<div class=\"elementor-element elementor-element-45554764 elementor-widget elementor-widget-heading\" data-id=\"45554764\" data-element_type=\"widget\" data-e-type=\"widget\" data-widget_type=\"heading.default\">\n\t\t\t\t\t<h2 class=\"elementor-heading-title elementor-size-default\">Akreditasyon<\/h2>\t\t\t\t<\/div>\n\t\t\t\t<div class=\"elementor-element elementor-element-2c42af88 elementor-widget elementor-widget-text-editor\" data-id=\"2c42af88\" data-element_type=\"widget\" data-e-type=\"widget\" data-widget_type=\"text-editor.default\">\n\t\t\t\t\t\t\t\t\t<div style=\"background:#F5F5F5; border-left:4px solid #AAAAAA; padding:16px 20px; margin-bottom:20px; border-radius:0 4px 4px 0;\"><p style=\"font-size:14px; color:#666666; margin:0; font-style:italic;\"><strong>N\u00f2t:<\/strong> Akreditasyon se pa yon s\u00e8vis BHN ofri. Seksyon sa a bay pou rezon enf\u00f2masyon s\u00e8lman, pou ede moun ki gen enter\u00e8 yo konprann mekanis sa a epi idantifye k\u00f2 ki apwopriye yo. <\/p><\/div>\t\t\t\t\t\t\t\t<\/div>\n\t\t\t\t<div class=\"elementor-element elementor-element-21b22b0b elementor-widget elementor-widget-text-editor\" data-id=\"21b22b0b\" data-element_type=\"widget\" data-e-type=\"widget\" data-widget_type=\"text-editor.default\">\n\t\t\t\t\t\t\t\t\t<p style=\"font-size:16px; line-height:1.9; color:#333333;\"><strong>Akreditasyon<\/strong> se pwosedi kote yon \u00f2ganis ki gen otorite\u2014yo rele sa yon \u00f2ganis akreditasyon\u2014rekon\u00e8t f\u00f2m\u00e8lman konpetans yon laboratwa, yon \u00f2ganis s\u00e8tifikasyon, oswa yon \u00f2ganis enspeksyon pou f\u00e8 aktivite evalyasyon konf\u00f2mite espesifik. Li gouv\u00e8ne ent\u00e8nasyonalman pa estanda ISO\/IEC 17011 la. <\/p><p style=\"font-size:16px; line-height:1.9; color:#333333;\">Akreditasyon reprezante nivo ki pi wo nan yerachi evalyasyon konf\u00f2mite a. Li bay rekonesans ofisy\u00e8l konpetans teknik \u00f2ganizasyon ki evalye l\u00f2t antite yo menm. Nan rejyon Karayib la, se \u00f2ganizasyon espesyalize ki manm Rezo Koperasyon Akreditasyon Ent\u00e8nasyonal la (ILAC ak IAF) ki bay akreditasyon.  <\/p><ul style=\"font-size:16px; line-height:1.9; color:#555555; margin-top:12px; padding-left:20px;\"><li>Rekon\u00e8t konpetans laboratwa t\u00e8s ak kalibrasyon yo<\/li><li>Rekon\u00e8t konpetans k\u00f2 s\u00e8tifikasyon ak enspeksyon yo<\/li><li>Baze sou estanda ent\u00e8nasyonal yo (fanmi ISO\/IEC 17000)<\/li><li>Yon kondisyon ki souvan neses\u00e8 pou rekonesans mity\u00e8l rezilta nan kom\u00e8s ent\u00e8nasyonal<\/li><\/ul>\t\t\t\t\t\t\t\t<\/div>\n\t\t\t\t\t<\/div>\n\t\t<\/div>\n\t\t\t\t\t<\/div>\n\t\t<\/section>\n\t\t\t\t<section class=\"elementor-section elementor-top-section elementor-element elementor-element-47816e2d elementor-section-boxed elementor-section-height-default elementor-section-height-default\" data-id=\"47816e2d\" data-element_type=\"section\" data-e-type=\"section\" data-settings=\"{&quot;background_background&quot;:&quot;classic&quot;}\">\n\t\t\t\t\t\t<div class=\"elementor-container elementor-column-gap-default\">\n\t\t\t\t\t<div class=\"elementor-column elementor-col-100 elementor-top-column elementor-element elementor-element-58d9f7f\" data-id=\"58d9f7f\" data-element_type=\"column\" data-e-type=\"column\">\n\t\t\t<div class=\"elementor-widget-wrap elementor-element-populated\">\n\t\t\t\t\t\t<div class=\"elementor-element elementor-element-11edd235 elementor-widget elementor-widget-heading\" data-id=\"11edd235\" data-element_type=\"widget\" data-e-type=\"widget\" data-widget_type=\"heading.default\">\n\t\t\t\t\t<h3 class=\"elementor-heading-title elementor-size-default\">Bezwen yon s\u00e8vis evalyasyon konf\u00f2mite?<\/h3>\t\t\t\t<\/div>\n\t\t\t\t<div class=\"elementor-element elementor-element-195acbb2 elementor-widget elementor-widget-text-editor\" data-id=\"195acbb2\" data-element_type=\"widget\" data-e-type=\"widget\" data-widget_type=\"text-editor.default\">\n\t\t\t\t\t\t\t\t\t<p style=\"text-align:center; color:#CCCCCC; font-size:16px; line-height:1.8; margin-bottom:28px;\">Kontakte Biwo N\u00f2m Ayisyen an pou jwenn enf\u00f2masyon sou s\u00e8vis s\u00e8tifikasyon, enspeksyon ak t\u00e8s nou yo.<\/p>\t\t\t\t\t\t\t\t<\/div>\n\t\t\t\t<div class=\"elementor-element elementor-element-26722f5c elementor-align-center elementor-widget elementor-widget-button\" data-id=\"26722f5c\" data-element_type=\"widget\" data-e-type=\"widget\" data-widget_type=\"button.default\">\n\t\t\t\t\t\t\t\t\t\t<a class=\"elementor-button elementor-button-link elementor-size-sm\" href=\"https:\/\/bhn.gouv.ht\/ht\/kontakte\/\">\n\t\t\t\t\t\t<span class=\"elementor-button-content-wrapper\">\n\t\t\t\t\t\t\t\t\t<span class=\"elementor-button-text\">Kontakte nou<\/span>\n\t\t\t\t\t<\/span>\n\t\t\t\t\t<\/a>\n\t\t\t\t\t\t\t\t<\/div>\n\t\t\t\t\t<\/div>\n\t\t<\/div>\n\t\t\t\t\t<\/div>\n\t\t<\/section>\n\t\t\t\t<\/div>\n\t\t","protected":false},"excerpt":{"rendered":"<p>Evalyasyon Konf\u00f2mite Evalyasyon konf\u00f2mite a refere a tout aktivite yo itilize pou demontre ke yon pwodwi, yon s\u00e8vis, yon sist\u00e8m, yon moun, oswa yon \u00f2ganizasyon satisf\u00e8 egzijans ki espesifye nan n\u00f2m yo, r\u00e8gleman teknik yo, oswa l\u00f2t dokiman normatif yo. Li se yon poto fondamantal nan enfrastrikti kalite nasyonal la epi li kontribye nan pwoteksyon [&hellip;]<\/p>\n","protected":false},"author":1,"featured_media":0,"parent":0,"menu_order":0,"comment_status":"closed","ping_status":"closed","template":"","meta":{"footnotes":""},"class_list":["post-1142","page","type-page","status-publish","hentry"],"_hostinger_reach_plugin_has_subscription_block":false,"_hostinger_reach_plugin_is_elementor":false,"publishpress_future_action":{"enabled":false,"date":"2026-05-14 05:55:55","action":"change-status","newStatus":"draft","terms":[],"taxonomy":"translation_priority","extraData":[]},"publishpress_future_workflow_manual_trigger":{"enabledWorkflows":[]},"_links":{"self":[{"href":"https:\/\/bhn.gouv.ht\/ht\/wp-json\/wp\/v2\/pages\/1142","targetHints":{"allow":["GET"]}}],"collection":[{"href":"https:\/\/bhn.gouv.ht\/ht\/wp-json\/wp\/v2\/pages"}],"about":[{"href":"https:\/\/bhn.gouv.ht\/ht\/wp-json\/wp\/v2\/types\/page"}],"author":[{"embeddable":true,"href":"https:\/\/bhn.gouv.ht\/ht\/wp-json\/wp\/v2\/users\/1"}],"replies":[{"embeddable":true,"href":"https:\/\/bhn.gouv.ht\/ht\/wp-json\/wp\/v2\/comments?post=1142"}],"version-history":[{"count":4,"href":"https:\/\/bhn.gouv.ht\/ht\/wp-json\/wp\/v2\/pages\/1142\/revisions"}],"predecessor-version":[{"id":1150,"href":"https:\/\/bhn.gouv.ht\/ht\/wp-json\/wp\/v2\/pages\/1142\/revisions\/1150"}],"wp:attachment":[{"href":"https:\/\/bhn.gouv.ht\/ht\/wp-json\/wp\/v2\/media?parent=1142"}],"curies":[{"name":"wp","href":"https:\/\/api.w.org\/{rel}","templated":true}]}}