{"id":866,"date":"2026-03-23T22:41:40","date_gmt":"2026-03-24T02:41:40","guid":{"rendered":"https:\/\/bhn.gouv.ht\/enfomasyon-ak-fomasyon\/"},"modified":"2026-04-28T19:20:17","modified_gmt":"2026-04-28T23:20:17","slug":"enfomasyon-ak-fomasyon","status":"publish","type":"page","link":"https:\/\/bhn.gouv.ht\/ht\/enfomasyon-ak-fomasyon\/","title":{"rendered":"Enf\u00f2masyon ak F\u00f2masyon"},"content":{"rendered":"\t\t<div data-elementor-type=\"wp-page\" data-elementor-id=\"866\" class=\"elementor elementor-866 elementor-259\" data-elementor-post-type=\"page\">\n\t\t\t\t\t\t<section class=\"elementor-section elementor-top-section elementor-element elementor-element-2e744116 elementor-section-boxed elementor-section-height-default elementor-section-height-default\" data-id=\"2e744116\" data-element_type=\"section\" data-e-type=\"section\" data-settings=\"{&quot;background_background&quot;:&quot;classic&quot;}\">\n\t\t\t\t\t\t<div class=\"elementor-container elementor-column-gap-default\">\n\t\t\t\t\t<div class=\"elementor-column elementor-col-100 elementor-top-column elementor-element elementor-element-61069986\" data-id=\"61069986\" data-element_type=\"column\" data-e-type=\"column\">\n\t\t\t<div class=\"elementor-widget-wrap elementor-element-populated\">\n\t\t\t\t\t\t<div class=\"elementor-element elementor-element-65f9293d elementor-widget elementor-widget-heading\" data-id=\"65f9293d\" data-element_type=\"widget\" data-e-type=\"widget\" data-widget_type=\"heading.default\">\n\t\t\t\t\t<h1 class=\"elementor-heading-title elementor-size-default\">Enf\u00f2masyon ak F\u00f2masyon<\/h1>\t\t\t\t<\/div>\n\t\t\t\t<div class=\"elementor-element elementor-element-13291b83 elementor-widget-divider--view-line elementor-widget elementor-widget-divider\" data-id=\"13291b83\" data-element_type=\"widget\" data-e-type=\"widget\" data-widget_type=\"divider.default\">\n\t\t\t\t\t\t\t<div class=\"elementor-divider\">\n\t\t\t<span class=\"elementor-divider-separator\">\n\t\t\t\t\t\t<\/span>\n\t\t<\/div>\n\t\t\t\t\t\t<\/div>\n\t\t\t\t<div class=\"elementor-element elementor-element-47e34619 elementor-widget elementor-widget-text-editor\" data-id=\"47e34619\" data-element_type=\"widget\" data-e-type=\"widget\" data-widget_type=\"text-editor.default\">\n\t\t\t\t\t\t\t\t\t<p style=\"text-align:center; color:#FFFFFF; font-size:18px; line-height:1.8; max-width:780px; margin:0 auto;\">Biwo Ayisyen pou N\u00f2m yo bay biznis yo, enstitisyon yo ak piblik la an jeneral s\u00e8vis enf\u00f2masyon ak f\u00f2masyon sou n\u00f2m yo, kalite ak enfrastrikti kalite nasyonal la.<\/p>\t\t\t\t\t\t\t\t<\/div>\n\t\t\t\t\t<\/div>\n\t\t<\/div>\n\t\t\t\t\t<\/div>\n\t\t<\/section>\n\t\t\t\t<section class=\"elementor-section elementor-top-section elementor-element elementor-element-3bca5248 elementor-section-boxed elementor-section-height-default elementor-section-height-default\" data-id=\"3bca5248\" data-element_type=\"section\" data-e-type=\"section\" data-settings=\"{&quot;background_background&quot;:&quot;classic&quot;}\">\n\t\t\t\t\t\t<div class=\"elementor-container elementor-column-gap-default\">\n\t\t\t\t\t<div class=\"elementor-column elementor-col-100 elementor-top-column elementor-element elementor-element-4f17b534\" data-id=\"4f17b534\" data-element_type=\"column\" data-e-type=\"column\">\n\t\t\t<div class=\"elementor-widget-wrap elementor-element-populated\">\n\t\t\t\t\t\t<div class=\"elementor-element elementor-element-6d4afdc2 elementor-widget elementor-widget-text-editor\" data-id=\"6d4afdc2\" data-element_type=\"widget\" data-e-type=\"widget\" data-widget_type=\"text-editor.default\">\n\t\t\t\t\t\t\t\t\t<p style=\"font-size:14px; color:#777777; margin:0;\">Ak\u00e8y \u203a <strong style=\"color:#18206F;\">Enf\u00f2masyon ak F\u00f2masyon<\/strong><\/p>\t\t\t\t\t\t\t\t<\/div>\n\t\t\t\t\t<\/div>\n\t\t<\/div>\n\t\t\t\t\t<\/div>\n\t\t<\/section>\n\t\t\t\t<section class=\"elementor-section elementor-top-section elementor-element elementor-element-504f250f elementor-section-boxed elementor-section-height-default elementor-section-height-default\" data-id=\"504f250f\" data-element_type=\"section\" data-e-type=\"section\" data-settings=\"{&quot;background_background&quot;:&quot;classic&quot;}\">\n\t\t\t\t\t\t<div class=\"elementor-container elementor-column-gap-default\">\n\t\t\t\t\t<div class=\"elementor-column elementor-col-100 elementor-top-column elementor-element elementor-element-6963ada6\" data-id=\"6963ada6\" data-element_type=\"column\" data-e-type=\"column\">\n\t\t\t<div class=\"elementor-widget-wrap elementor-element-populated\">\n\t\t\t\t\t\t<div class=\"elementor-element elementor-element-6f0d2138 elementor-widget elementor-widget-text-editor\" data-id=\"6f0d2138\" data-element_type=\"widget\" data-e-type=\"widget\" data-widget_type=\"text-editor.default\">\n\t\t\t\t\t\t\t\t\t<p style=\"font-size:13px; font-weight:700; letter-spacing:2px; color:#BD1E1E; text-transform:uppercase; margin-bottom:8px;\">Misyon nou<\/p>\t\t\t\t\t\t\t\t<\/div>\n\t\t\t\t<div class=\"elementor-element elementor-element-241308ee elementor-widget elementor-widget-heading\" data-id=\"241308ee\" data-element_type=\"widget\" data-e-type=\"widget\" data-widget_type=\"heading.default\">\n\t\t\t\t\t<h2 class=\"elementor-heading-title elementor-size-default\">Ranf\u00f2se kapasite kalite yo<\/h2>\t\t\t\t<\/div>\n\t\t\t\t<div class=\"elementor-element elementor-element-2207681f elementor-widget-divider--view-line elementor-widget elementor-widget-divider\" data-id=\"2207681f\" data-element_type=\"widget\" data-e-type=\"widget\" data-widget_type=\"divider.default\">\n\t\t\t\t\t\t\t<div class=\"elementor-divider\">\n\t\t\t<span class=\"elementor-divider-separator\">\n\t\t\t\t\t\t<\/span>\n\t\t<\/div>\n\t\t\t\t\t\t<\/div>\n\t\t\t\t<div class=\"elementor-element elementor-element-52587886 elementor-widget elementor-widget-text-editor\" data-id=\"52587886\" data-element_type=\"widget\" data-e-type=\"widget\" data-widget_type=\"text-editor.default\">\n\t\t\t\t\t\t\t\t\t<p style=\"font-size: 16px; line-height: 1.9; color: #333333; max-width: 860px;\">BHN angaje l pou l sansibilize akt\u00e8 ekonomik yo, enstitisyon piblik yo ak sosyete sivil la sou defi normalizasyon, kalite ak evalyasyon konf\u00f2mite. Atrav\u00e8 aktivite enf\u00f2masyon ak f\u00f2masyon li yo, Biwo a gen pou objektif ranf\u00f2se konpetans lokal yo, ankouraje adopsyon n\u00f2m nasyonal ak ent\u00e8nasyonal yo, epi sip\u00f2te biznis Ayisyen yo nan inisyativ kalite yo. S\u00e8vis sa yo disponib pou ti ak mwayen antrepriz yo ansanm ak gwo \u00f2ganizasyon yo, administrasyon piblik yo, iniv\u00e8site yo ak pwofesyon\u00e8l k ap ch\u00e8che apwofondi konesans yo sou normalizasyon ak kalite.  <\/p>\t\t\t\t\t\t\t\t<\/div>\n\t\t\t\t\t<\/div>\n\t\t<\/div>\n\t\t\t\t\t<\/div>\n\t\t<\/section>\n\t\t\t\t<section class=\"elementor-section elementor-top-section elementor-element elementor-element-12c048b7 elementor-section-boxed elementor-section-height-default elementor-section-height-default\" data-id=\"12c048b7\" data-element_type=\"section\" data-e-type=\"section\" data-settings=\"{&quot;background_background&quot;:&quot;classic&quot;}\">\n\t\t\t\t\t\t<div class=\"elementor-container elementor-column-gap-default\">\n\t\t\t\t\t<div class=\"elementor-column elementor-col-100 elementor-top-column elementor-element elementor-element-2ead8890\" data-id=\"2ead8890\" data-element_type=\"column\" data-e-type=\"column\">\n\t\t\t<div class=\"elementor-widget-wrap elementor-element-populated\">\n\t\t\t\t\t\t<div class=\"elementor-element elementor-element-1bd7b82b elementor-widget elementor-widget-text-editor\" data-id=\"1bd7b82b\" data-element_type=\"widget\" data-e-type=\"widget\" data-widget_type=\"text-editor.default\">\n\t\t\t\t\t\t\t\t\t<div style=\"background:#FFFFFF; border:2px dashed #CCCCCC; border-radius:6px; padding:50px 40px; text-align:center; max-width:680px; margin:0 auto;\"><p style=\"font-size:40px; margin:0 0 16px 0;\">\u23f3<\/p><p style=\"font-size:20px; font-weight:700; color:#18206F; margin:0 0 12px 0;\">Kontni an ap prepare kounye a<\/p><p style=\"font-size:16px; line-height:1.8; color:#555555; margin:0;\">Enf\u00f2masyon detaye sou pwogram f\u00f2masyon nou yo, or\u00e8 sesyon yo, resous yo, ak piblikasyon yo ap disponib tr\u00e8 byento. N ap travay aktivman pou devlope kontni sa a pou nou ka pi byen s\u00e8vi ou. <\/p><\/div>\t\t\t\t\t\t\t\t<\/div>\n\t\t\t\t\t<\/div>\n\t\t<\/div>\n\t\t\t\t\t<\/div>\n\t\t<\/section>\n\t\t\t\t<section class=\"elementor-section elementor-top-section elementor-element elementor-element-4da98c98 elementor-section-boxed elementor-section-height-default elementor-section-height-default\" data-id=\"4da98c98\" data-element_type=\"section\" data-e-type=\"section\" data-settings=\"{&quot;background_background&quot;:&quot;classic&quot;}\">\n\t\t\t\t\t\t<div class=\"elementor-container elementor-column-gap-default\">\n\t\t\t\t\t<div class=\"elementor-column elementor-col-100 elementor-top-column elementor-element elementor-element-6ad02361\" data-id=\"6ad02361\" data-element_type=\"column\" data-e-type=\"column\">\n\t\t\t<div class=\"elementor-widget-wrap elementor-element-populated\">\n\t\t\t\t\t\t<div class=\"elementor-element elementor-element-4242f059 elementor-widget elementor-widget-heading\" data-id=\"4242f059\" data-element_type=\"widget\" data-e-type=\"widget\" data-widget_type=\"heading.default\">\n\t\t\t\t\t<h3 class=\"elementor-heading-title elementor-size-default\">Yon kesyon sou kou f\u00f2masyon nou yo oswa piblikasyon nou yo?<\/h3>\t\t\t\t<\/div>\n\t\t\t\t<div class=\"elementor-element elementor-element-3347ab80 elementor-widget elementor-widget-text-editor\" data-id=\"3347ab80\" data-element_type=\"widget\" data-e-type=\"widget\" data-widget_type=\"text-editor.default\">\n\t\t\t\t\t\t\t\t\t<p style=\"text-align:center; color:#CCCCCC; font-size:16px; line-height:1.8; margin-bottom:28px;\">Pa ezite kontakte nou. Ekip nou an ap byen kontan enf\u00f2me w sou sesyon f\u00f2masyon kap vini yo ak resous ki disponib yo. <\/p>\t\t\t\t\t\t\t\t<\/div>\n\t\t\t\t<div class=\"elementor-element elementor-element-74794fb9 elementor-align-center elementor-widget elementor-widget-button\" data-id=\"74794fb9\" data-element_type=\"widget\" data-e-type=\"widget\" data-widget_type=\"button.default\">\n\t\t\t\t\t\t\t\t\t\t<a class=\"elementor-button elementor-button-link elementor-size-sm\" href=\"https:\/\/bhn.gouv.ht\/ht\/kontakte\/\">\n\t\t\t\t\t\t<span class=\"elementor-button-content-wrapper\">\n\t\t\t\t\t\t\t\t\t<span class=\"elementor-button-text\">Kontakte nou<\/span>\n\t\t\t\t\t<\/span>\n\t\t\t\t\t<\/a>\n\t\t\t\t\t\t\t\t<\/div>\n\t\t\t\t\t<\/div>\n\t\t<\/div>\n\t\t\t\t\t<\/div>\n\t\t<\/section>\n\t\t\t\t<\/div>\n\t\t","protected":false},"excerpt":{"rendered":"<p>Enf\u00f2masyon ak F\u00f2masyon Biwo Ayisyen pou N\u00f2m yo bay biznis yo, enstitisyon yo ak piblik la an jeneral s\u00e8vis enf\u00f2masyon ak f\u00f2masyon sou n\u00f2m yo, kalite ak enfrastrikti kalite nasyonal la. Ak\u00e8y \u203a Enf\u00f2masyon ak F\u00f2masyon Misyon nou Ranf\u00f2se kapasite kalite yo BHN angaje l pou l sansibilize akt\u00e8 ekonomik yo, enstitisyon piblik yo ak [&hellip;]<\/p>\n","protected":false},"author":1,"featured_media":0,"parent":0,"menu_order":0,"comment_status":"closed","ping_status":"closed","template":"","meta":{"footnotes":""},"class_list":["post-866","page","type-page","status-publish","hentry"],"_hostinger_reach_plugin_has_subscription_block":false,"_hostinger_reach_plugin_is_elementor":false,"publishpress_future_action":{"enabled":false,"date":"2026-05-14 05:55:42","action":"change-status","newStatus":"draft","terms":[],"taxonomy":"translation_priority","extraData":[]},"publishpress_future_workflow_manual_trigger":{"enabledWorkflows":[]},"_links":{"self":[{"href":"https:\/\/bhn.gouv.ht\/ht\/wp-json\/wp\/v2\/pages\/866","targetHints":{"allow":["GET"]}}],"collection":[{"href":"https:\/\/bhn.gouv.ht\/ht\/wp-json\/wp\/v2\/pages"}],"about":[{"href":"https:\/\/bhn.gouv.ht\/ht\/wp-json\/wp\/v2\/types\/page"}],"author":[{"embeddable":true,"href":"https:\/\/bhn.gouv.ht\/ht\/wp-json\/wp\/v2\/users\/1"}],"replies":[{"embeddable":true,"href":"https:\/\/bhn.gouv.ht\/ht\/wp-json\/wp\/v2\/comments?post=866"}],"version-history":[{"count":2,"href":"https:\/\/bhn.gouv.ht\/ht\/wp-json\/wp\/v2\/pages\/866\/revisions"}],"predecessor-version":[{"id":1203,"href":"https:\/\/bhn.gouv.ht\/ht\/wp-json\/wp\/v2\/pages\/866\/revisions\/1203"}],"wp:attachment":[{"href":"https:\/\/bhn.gouv.ht\/ht\/wp-json\/wp\/v2\/media?parent=866"}],"curies":[{"name":"wp","href":"https:\/\/api.w.org\/{rel}","templated":true}]}}