{"id":891,"date":"2026-03-23T22:39:18","date_gmt":"2026-03-24T02:39:18","guid":{"rendered":"https:\/\/bhn.gouv.ht\/nouvel\/"},"modified":"2026-04-26T13:10:40","modified_gmt":"2026-04-26T17:10:40","slug":"nouvel","status":"publish","type":"page","link":"https:\/\/bhn.gouv.ht\/ht\/nouvel\/","title":{"rendered":"Nouv\u00e8l"},"content":{"rendered":"\t\t<div data-elementor-type=\"wp-page\" data-elementor-id=\"891\" class=\"elementor elementor-891 elementor-249\" data-elementor-post-type=\"page\">\n\t\t\t\t<div class=\"elementor-element elementor-element-68754761 e-flex e-con-boxed e-con e-parent\" data-id=\"68754761\" data-element_type=\"container\" data-e-type=\"container\">\n\t\t\t\t\t<div class=\"e-con-inner\">\n\t\t\t\t<div class=\"elementor-element elementor-element-5a803fdd elementor-widget elementor-widget-heading\" data-id=\"5a803fdd\" data-element_type=\"widget\" data-e-type=\"widget\" data-widget_type=\"heading.default\">\n\t\t\t\t\t<h2 class=\"elementor-heading-title elementor-size-default\">Nouv\u00e8l<\/h2>\t\t\t\t<\/div>\n\t\t\t\t<div class=\"elementor-element elementor-element-5896821f elementor-widget elementor-widget-text-editor\" data-id=\"5896821f\" data-element_type=\"widget\" data-e-type=\"widget\" data-widget_type=\"text-editor.default\">\n\t\t\t\t\t\t\t\t\t<p>Biwo Ayisyen pou N\u00f2m yo (BHN) kow\u00f2done aktivite normalizasyon nasyonal yo, jere sist\u00e8m s\u00e8tifikasyon yo epi devlope metroloji endistriy\u00e8l pou ranf\u00f2se enfrastrikti kalite a an Ayiti.<\/p>\t\t\t\t\t\t\t\t<\/div>\n\t\t\t\t\t<\/div>\n\t\t\t\t<\/div>\n\t\t<div class=\"elementor-element elementor-element-4022ab7 e-flex e-con-boxed e-con e-parent\" data-id=\"4022ab7\" data-element_type=\"container\" data-e-type=\"container\">\n\t\t\t\t\t<div class=\"e-con-inner\">\n\t\t\t\t<div class=\"elementor-element elementor-element-32e68d2 elementor-grid-3 elementor-grid-tablet-2 elementor-grid-mobile-1 elementor-posts--thumbnail-top elementor-card-shadow-yes elementor-posts__hover-gradient load-more-align-center elementor-widget elementor-widget-posts\" data-id=\"32e68d2\" data-element_type=\"widget\" data-e-type=\"widget\" data-settings=\"{&quot;pagination_type&quot;:&quot;load_more_on_click&quot;,&quot;cards_columns&quot;:&quot;3&quot;,&quot;cards_columns_tablet&quot;:&quot;2&quot;,&quot;cards_columns_mobile&quot;:&quot;1&quot;,&quot;cards_row_gap&quot;:{&quot;unit&quot;:&quot;px&quot;,&quot;size&quot;:35,&quot;sizes&quot;:[]},&quot;cards_row_gap_tablet&quot;:{&quot;unit&quot;:&quot;px&quot;,&quot;size&quot;:&quot;&quot;,&quot;sizes&quot;:[]},&quot;cards_row_gap_mobile&quot;:{&quot;unit&quot;:&quot;px&quot;,&quot;size&quot;:&quot;&quot;,&quot;sizes&quot;:[]},&quot;load_more_spinner&quot;:{&quot;value&quot;:&quot;fas fa-spinner&quot;,&quot;library&quot;:&quot;fa-solid&quot;}}\" data-widget_type=\"posts.cards\">\n\t\t\t\t<div class=\"elementor-widget-container\">\n\t\t\t\t\t\t\t<div class=\"elementor-posts-container elementor-posts elementor-posts--skin-cards elementor-grid\" role=\"list\">\n\t\t\t\t<article class=\"elementor-post elementor-grid-item post-957 post type-post status-publish format-standard has-post-thumbnail hentry category-non-classe\" role=\"listitem\">\n\t\t\t<div class=\"elementor-post__card\">\n\t\t\t\t<a class=\"elementor-post__thumbnail__link\" href=\"https:\/\/bhn.gouv.ht\/ht\/lansman-nouvo-sitweb-biwo-nom-ayisyen-an-bhn\/\" tabindex=\"-1\" ><div class=\"elementor-post__thumbnail\"><img fetchpriority=\"high\" decoding=\"async\" width=\"300\" height=\"200\" src=\"https:\/\/bhn.gouv.ht\/wp-content\/uploads\/2026\/04\/explaining-report-2026-01-07-07-08-20-utc-300x200.jpg\" class=\"attachment-medium size-medium wp-image-961\" alt=\"\" srcset=\"https:\/\/bhn.gouv.ht\/wp-content\/uploads\/2026\/04\/explaining-report-2026-01-07-07-08-20-utc-300x200.jpg 300w, https:\/\/bhn.gouv.ht\/wp-content\/uploads\/2026\/04\/explaining-report-2026-01-07-07-08-20-utc-768x512.jpg 768w, https:\/\/bhn.gouv.ht\/wp-content\/uploads\/2026\/04\/explaining-report-2026-01-07-07-08-20-utc-600x400.jpg 600w, https:\/\/bhn.gouv.ht\/wp-content\/uploads\/2026\/04\/explaining-report-2026-01-07-07-08-20-utc.jpg 1000w\" sizes=\"(max-width: 300px) 100vw, 300px\" \/><\/div><\/a>\n\t\t\t\t<div class=\"elementor-post__badge\">Non class\u00e9<\/div>\n\t\t\t\t<div class=\"elementor-post__text\">\n\t\t\t\t<h3 class=\"elementor-post__title\">\n\t\t\t<a href=\"https:\/\/bhn.gouv.ht\/ht\/lansman-nouvo-sitweb-biwo-nom-ayisyen-an-bhn\/\" >\n\t\t\t\tLansman nouvo sitw\u00e8b Biwo N\u00f2m Ayisyen an (BHN)\t\t\t<\/a>\n\t\t<\/h3>\n\t\t\t\t<div class=\"elementor-post__excerpt\">\n\t\t\t<p>Biwo Ayisyen pou N\u00f2m yo (BHN) fy\u00e8 pou anonse lansman ofisy\u00e8l nouvo sit ent\u00e8n\u00e8t li a, yon gwo pa nan mod\u00e8nizasyon s\u00e8vis li yo ak<\/p>\n\t\t<\/div>\n\t\t\n\t\t<a class=\"elementor-post__read-more\" href=\"https:\/\/bhn.gouv.ht\/ht\/lansman-nouvo-sitweb-biwo-nom-ayisyen-an-bhn\/\" aria-label=\"Read more about Lansman nouvo sitw\u00e8b Biwo N\u00f2m Ayisyen an (BHN)\" tabindex=\"-1\" >\n\t\t\tLi plis  \t\t<\/a>\n\n\t\t\t\t<\/div>\n\t\t\t\t<div class=\"elementor-post__meta-data\">\n\t\t\t\t\t<span class=\"elementor-post-date\">\n\t\t\tApril 26, 2026\t\t<\/span>\n\t\t\t\t<span class=\"elementor-post-avatar\">\n\t\t\tPa gen k\u00f2mant\u00e8\t\t<\/span>\n\t\t\t\t<\/div>\n\t\t\t\t\t<\/div>\n\t\t<\/article>\n\t\t\t\t<\/div>\n\t\t\t\t\t<span class=\"e-load-more-spinner\">\n\t\t\t\t<svg aria-hidden=\"true\" class=\"e-font-icon-svg e-fas-spinner\" viewBox=\"0 0 512 512\" xmlns=\"http:\/\/www.w3.org\/2000\/svg\"><path d=\"M304 48c0 26.51-21.49 48-48 48s-48-21.49-48-48 21.49-48 48-48 48 21.49 48 48zm-48 368c-26.51 0-48 21.49-48 48s21.49 48 48 48 48-21.49 48-48-21.49-48-48-48zm208-208c-26.51 0-48 21.49-48 48s21.49 48 48 48 48-21.49 48-48-21.49-48-48-48zM96 256c0-26.51-21.49-48-48-48S0 229.49 0 256s21.49 48 48 48 48-21.49 48-48zm12.922 99.078c-26.51 0-48 21.49-48 48s21.49 48 48 48 48-21.49 48-48c0-26.509-21.491-48-48-48zm294.156 0c-26.51 0-48 21.49-48 48s21.49 48 48 48 48-21.49 48-48c0-26.509-21.49-48-48-48zM108.922 60.922c-26.51 0-48 21.49-48 48s21.49 48 48 48 48-21.49 48-48-21.491-48-48-48z\"><\/path><\/svg>\t\t\t<\/span>\n\t\t\n\t\t\t\t\t\t<\/div>\n\t\t\t\t<\/div>\n\t\t\t\t\t<\/div>\n\t\t\t\t<\/div>\n\t\t\t\t<\/div>\n\t\t","protected":false},"excerpt":{"rendered":"<p>Nouv\u00e8l Biwo Ayisyen pou N\u00f2m yo (BHN) kow\u00f2done aktivite normalizasyon nasyonal yo, jere sist\u00e8m s\u00e8tifikasyon yo epi devlope metroloji endistriy\u00e8l pou ranf\u00f2se enfrastrikti kalite a an Ayiti.<\/p>\n","protected":false},"author":1,"featured_media":0,"parent":0,"menu_order":0,"comment_status":"closed","ping_status":"closed","template":"","meta":{"footnotes":""},"class_list":["post-891","page","type-page","status-publish","hentry"],"_hostinger_reach_plugin_has_subscription_block":false,"_hostinger_reach_plugin_is_elementor":false,"publishpress_future_action":{"enabled":false,"date":"2026-05-14 05:55:42","action":"change-status","newStatus":"draft","terms":[],"taxonomy":"translation_priority","extraData":[]},"publishpress_future_workflow_manual_trigger":{"enabledWorkflows":[]},"_links":{"self":[{"href":"https:\/\/bhn.gouv.ht\/ht\/wp-json\/wp\/v2\/pages\/891","targetHints":{"allow":["GET"]}}],"collection":[{"href":"https:\/\/bhn.gouv.ht\/ht\/wp-json\/wp\/v2\/pages"}],"about":[{"href":"https:\/\/bhn.gouv.ht\/ht\/wp-json\/wp\/v2\/types\/page"}],"author":[{"embeddable":true,"href":"https:\/\/bhn.gouv.ht\/ht\/wp-json\/wp\/v2\/users\/1"}],"replies":[{"embeddable":true,"href":"https:\/\/bhn.gouv.ht\/ht\/wp-json\/wp\/v2\/comments?post=891"}],"version-history":[{"count":1,"href":"https:\/\/bhn.gouv.ht\/ht\/wp-json\/wp\/v2\/pages\/891\/revisions"}],"predecessor-version":[{"id":895,"href":"https:\/\/bhn.gouv.ht\/ht\/wp-json\/wp\/v2\/pages\/891\/revisions\/895"}],"wp:attachment":[{"href":"https:\/\/bhn.gouv.ht\/ht\/wp-json\/wp\/v2\/media?parent=891"}],"curies":[{"name":"wp","href":"https:\/\/api.w.org\/{rel}","templated":true}]}}