{"id":944,"date":"2026-04-26T09:48:35","date_gmt":"2026-04-26T13:48:35","guid":{"rendered":"https:\/\/bhn.gouv.ht\/product\/nh-701-0012020-solisyon-idwo-alkolik\/"},"modified":"2026-04-26T09:48:35","modified_gmt":"2026-04-26T13:48:35","slug":"nh-701-0012020-solisyon-idwo-alkolik","status":"publish","type":"product","link":"https:\/\/bhn.gouv.ht\/ht\/product\/nh-701-0012020-solisyon-idwo-alkolik\/","title":{"rendered":"NH 701-001:2020 (Solisyon idwo-alk\u00f2lik)"},"content":{"rendered":"<p>Yon estanda esansy\u00e8l nan kont\u00e8ks yon pandemi.<\/p>\n","protected":false},"excerpt":{"rendered":"<p>Yon estanda esansy\u00e8l nan kont\u00e8ks yon pandemi.<\/p>\n","protected":false},"featured_media":0,"comment_status":"open","ping_status":"closed","template":"","meta":[],"product_brand":[],"product_cat":[49],"product_tag":[],"class_list":{"0":"post-944","1":"product","2":"type-product","3":"status-publish","5":"product_cat-sante-piblik-ak-sekirite-alimante","7":"first","8":"instock","9":"shipping-taxable","10":"purchasable","11":"product-type-simple"},"publishpress_future_workflow_manual_trigger":{"enabledWorkflows":[]},"_links":{"self":[{"href":"https:\/\/bhn.gouv.ht\/ht\/wp-json\/wp\/v2\/product\/944","targetHints":{"allow":["GET"]}}],"collection":[{"href":"https:\/\/bhn.gouv.ht\/ht\/wp-json\/wp\/v2\/product"}],"about":[{"href":"https:\/\/bhn.gouv.ht\/ht\/wp-json\/wp\/v2\/types\/product"}],"replies":[{"embeddable":true,"href":"https:\/\/bhn.gouv.ht\/ht\/wp-json\/wp\/v2\/comments?post=944"}],"wp:attachment":[{"href":"https:\/\/bhn.gouv.ht\/ht\/wp-json\/wp\/v2\/media?parent=944"}],"wp:term":[{"taxonomy":"product_brand","embeddable":true,"href":"https:\/\/bhn.gouv.ht\/ht\/wp-json\/wp\/v2\/product_brand?post=944"},{"taxonomy":"product_cat","embeddable":true,"href":"https:\/\/bhn.gouv.ht\/ht\/wp-json\/wp\/v2\/product_cat?post=944"},{"taxonomy":"product_tag","embeddable":true,"href":"https:\/\/bhn.gouv.ht\/ht\/wp-json\/wp\/v2\/product_tag?post=944"}],"curies":[{"name":"wp","href":"https:\/\/api.w.org\/{rel}","templated":true}]}}